{"id":3952,"date":"2023-01-21T09:05:47","date_gmt":"2023-01-21T09:05:47","guid":{"rendered":"https:\/\/neu.gremper-partner.ch\/?page_id=3952"},"modified":"2023-03-20T15:58:02","modified_gmt":"2023-03-20T15:58:02","slug":"rechtliche-hinweise","status":"publish","type":"page","link":"https:\/\/gremper-partner.ch\/en\/rechtliche-hinweise\/","title":{"rendered":"Disclaimer"},"content":{"rendered":"<div data-elementor-type=\"wp-page\" data-elementor-id=\"3952\" class=\"elementor elementor-3952\">\n\t\t\t\t\t\t<section class=\"elementor-section elementor-top-section elementor-element elementor-element-61c6c0e8 elementor-section-boxed elementor-section-height-default elementor-section-height-default\" data-id=\"61c6c0e8\" data-element_type=\"section\" data-e-type=\"section\">\r\n\t\t\t\t\t\t\t\t<div class=\"elementor-container elementor-column-gap-default\">\r\n\t\t\t\t\r\n\t\t\t\t\t\t\t\t<div class=\"elementor-column elementor-col-100 elementor-top-column elementor-element elementor-element-44f2d761\" data-id=\"44f2d761\" data-element_type=\"column\" data-e-type=\"column\">\r\n\r\n\t\t\t\t\r\n\t\t\t\t<div class=\"elementor-widget-wrap elementor-element-populated\">\r\n\t\t\t\t\t\t\t\t\t\t\r\n\t\t\t\t\t\t<div class=\"elementor-element elementor-element-8e100bb elementor-widget elementor-widget-text-editor\" data-id=\"8e100bb\" data-element_type=\"widget\" data-e-type=\"widget\" data-widget_type=\"text-editor.default\">\n\t\t\t\t<div class=\"elementor-widget-container\">\n\t\t\t\t\t\t\t\t\t<h2>Disclaimer<\/h2><p>Die Zusendung von E-Mails, die \u00dcbermittlung und der Empfang von Informationen ab unserer Website sowie auch Zusendungen per Post oder Fax begr\u00fcnden kein Mandatsverh\u00e4ltnis oder eine andere vertragliche Beziehung zur Gremper & Partner AG.<\/p><p>Die Kommunikation \u00fcber E Mail und Internet ist nicht vor \u00dcbergriffen Dritter gesch\u00fctzt und daher weder sicher noch vertraulich. Durch die Verwendung dieses Kommunikationsmittels anerkennen Sie die damit verbundenen Risiken und stimmen zu, dass wir ebenfalls \u00fcber E-Mail mit Ihnen kommunizieren. Die Gremper & Partner AG lehnt jegliche Haftung f\u00fcr die Verletzung des Anwaltsgeheimnisses ab, soweit eine solche auf die Kommunikation \u00fcber E-Mail zur\u00fcckzuf\u00fchren ist. Obwohl wir unsere E-Mails regelm\u00e4ssig bearbeiten, k\u00f6nnen wir keine Garantie f\u00fcr die zeitgerechte Bearbeitung von E-Mails \u00fcbernehmen.<\/p>\t\t\t\t\t\t\t\t<\/div>\n\t\t\t\t<\/div>\n\t\t\t\t\t\t<\/div>\r\n\t\t\t\t<\/div>\r\n\t\t\t\t\t\t\t\t<\/div>\r\n\t\t\t<\/section>\r\n\t\t\t\t\t<\/div>","protected":false},"excerpt":{"rendered":"<p>Rechtliche Hinweise Die Zusendung von E-Mails, die \u00dcbermittlung und der Empfang von Informationen ab unserer Website sowie auch Zusendungen per Post oder Fax begr\u00fcnden kein Mandatsverh\u00e4ltnis oder eine andere vertragliche Beziehung zur Gremper &#038; Partner AG. Die Kommunikation \u00fcber E Mail und Internet ist nicht vor \u00dcbergriffen Dritter gesch\u00fctzt und daher weder sicher noch vertraulich. [&hellip;]<\/p>\n","protected":false},"author":3,"featured_media":0,"parent":0,"menu_order":0,"comment_status":"closed","ping_status":"open","template":"","meta":{"_acf_changed":false,"footnotes":""},"class_list":["post-3952","page","type-page","status-publish","hentry"],"acf":[],"_links":{"self":[{"href":"https:\/\/gremper-partner.ch\/en\/wp-json\/wp\/v2\/pages\/3952","targetHints":{"allow":["GET"]}}],"collection":[{"href":"https:\/\/gremper-partner.ch\/en\/wp-json\/wp\/v2\/pages"}],"about":[{"href":"https:\/\/gremper-partner.ch\/en\/wp-json\/wp\/v2\/types\/page"}],"author":[{"embeddable":true,"href":"https:\/\/gremper-partner.ch\/en\/wp-json\/wp\/v2\/users\/3"}],"replies":[{"embeddable":true,"href":"https:\/\/gremper-partner.ch\/en\/wp-json\/wp\/v2\/comments?post=3952"}],"version-history":[{"count":14,"href":"https:\/\/gremper-partner.ch\/en\/wp-json\/wp\/v2\/pages\/3952\/revisions"}],"predecessor-version":[{"id":4627,"href":"https:\/\/gremper-partner.ch\/en\/wp-json\/wp\/v2\/pages\/3952\/revisions\/4627"}],"wp:attachment":[{"href":"https:\/\/gremper-partner.ch\/en\/wp-json\/wp\/v2\/media?parent=3952"}],"curies":[{"name":"wp","href":"https:\/\/api.w.org\/{rel}","templated":true}]}}